{"id":62,"date":"2013-10-12T15:44:21","date_gmt":"2013-10-12T15:44:21","guid":{"rendered":"http:\/\/www.stephanequerbes.com\/fourmis\/?page_id=62"},"modified":"2013-10-27T22:14:27","modified_gmt":"2013-10-27T21:14:27","slug":"concept","status":"publish","type":"page","link":"http:\/\/www.stephanequerbes.com\/fourmis\/concept\/","title":{"rendered":"Concept"},"content":{"rendered":"<p>Ce site portail sur les fourmis, \u00e0 \u00e9t\u00e9 imagin\u00e9 par un passionn\u00e9 des insectes (St\u00e9phane QUERBES), en partenariat avec des chercheurs sp\u00e9cialistes de l&#8217;\u00e9tude des fourmis &#8220;Myrm\u00e9cologie&#8221;.<\/p>\n<p>Ce site est destin\u00e9 \u00e0 \u00eatre une passerelle entre les chercheurs et les visiteurs curieux et passionn\u00e9s par les fourmis.<\/p>\n<p>Bonne visite.<\/p>\n","protected":false},"excerpt":{"rendered":"<p>Ce site portail sur les fourmis, \u00e0 \u00e9t\u00e9 imagin\u00e9 par un passionn\u00e9 des insectes (St\u00e9phane QUERBES), en partenariat avec des chercheurs sp\u00e9cialistes de l&#8217;\u00e9tude des fourmis &#8220;Myrm\u00e9cologie&#8221;. Ce site est destin\u00e9 \u00e0 \u00eatre une passerelle entre les chercheurs et les visiteurs curieux et passionn\u00e9s par les fourmis. Bonne visite.<\/p>\n","protected":false},"author":1,"featured_media":26,"parent":0,"menu_order":2,"comment_status":"closed","ping_status":"closed","template":"","meta":[],"_links":{"self":[{"href":"http:\/\/www.stephanequerbes.com\/fourmis\/wp-json\/wp\/v2\/pages\/62"}],"collection":[{"href":"http:\/\/www.stephanequerbes.com\/fourmis\/wp-json\/wp\/v2\/pages"}],"about":[{"href":"http:\/\/www.stephanequerbes.com\/fourmis\/wp-json\/wp\/v2\/types\/page"}],"author":[{"embeddable":true,"href":"http:\/\/www.stephanequerbes.com\/fourmis\/wp-json\/wp\/v2\/users\/1"}],"replies":[{"embeddable":true,"href":"http:\/\/www.stephanequerbes.com\/fourmis\/wp-json\/wp\/v2\/comments?post=62"}],"version-history":[{"count":8,"href":"http:\/\/www.stephanequerbes.com\/fourmis\/wp-json\/wp\/v2\/pages\/62\/revisions"}],"predecessor-version":[{"id":149,"href":"http:\/\/www.stephanequerbes.com\/fourmis\/wp-json\/wp\/v2\/pages\/62\/revisions\/149"}],"wp:featuredmedia":[{"embeddable":true,"href":"http:\/\/www.stephanequerbes.com\/fourmis\/wp-json\/wp\/v2\/media\/26"}],"wp:attachment":[{"href":"http:\/\/www.stephanequerbes.com\/fourmis\/wp-json\/wp\/v2\/media?parent=62"}],"curies":[{"name":"wp","href":"https:\/\/api.w.org\/{rel}","templated":true}]}}