{"id":202,"date":"2014-02-13T17:51:00","date_gmt":"2014-02-13T16:51:00","guid":{"rendered":"http:\/\/www.stephanequerbes.com\/fourmis\/?page_id=202"},"modified":"2014-03-25T11:01:52","modified_gmt":"2014-03-25T10:01:52","slug":"eciton","status":"publish","type":"page","link":"http:\/\/www.stephanequerbes.com\/fourmis\/focus\/eciton\/","title":{"rendered":"Eciton"},"content":{"rendered":"<figure id=\"attachment_15\" aria-describedby=\"caption-attachment-15\" style=\"width: 199px\" class=\"wp-caption alignnone\"><a title=\"Eciton\" href=\"http:\/\/www.stephanequerbes.com\/fourmis\/gallery\/eciton\/\"><img loading=\"lazy\" class=\"size-medium wp-image-15\" alt=\"Eciton\" src=\"http:\/\/www.stephanequerbes.com\/fourmis\/wp-content\/uploads\/2013\/10\/Eciton2-199x300.jpg\" width=\"199\" height=\"300\" srcset=\"http:\/\/www.stephanequerbes.com\/fourmis\/wp-content\/uploads\/2013\/10\/Eciton2-199x300.jpg 199w, http:\/\/www.stephanequerbes.com\/fourmis\/wp-content\/uploads\/2013\/10\/Eciton2-679x1024.jpg 679w, http:\/\/www.stephanequerbes.com\/fourmis\/wp-content\/uploads\/2013\/10\/Eciton2.jpg 1062w\" sizes=\"(max-width: 199px) 100vw, 199px\" \/><\/a><figcaption id=\"caption-attachment-15\" class=\"wp-caption-text\">Eciton<\/figcaption><\/figure>\n<p>Cliquez sur l&#8217;image pour regarder la galerie des d\u00e9tails de cette fourmi.<\/p>\n<p>Ces fourmis l\u00e9gionnaires vivent en Am\u00e9rique du Sud. Les colonies sont gigantesques, atteignant 700 000 ouvri\u00e8res, bien qu\u2019il n\u2019y ait qu\u2019une seule reine. Eciton n\u2019a pas de nid : pendant la phase nomade, la reine et les milliers de larves sont transport\u00e9s chaque jour. Pendant les raids, des centaines de milliers d\u2019individus ravagent tout sur leur passage. Une caste sp\u00e9cialis\u00e9e de soldats prot\u00e8ge ces colonnes de chasse : les mandibules ont une forme particuli\u00e8re pour attaquer des vert\u00e9br\u00e9s comme l\u00e9zards ou grenouilles. Les yeux sont extr\u00eamement r\u00e9duits.<\/p>\n<p>R\u00e9dacteur : Christian PEETERS.<\/p>\n","protected":false},"excerpt":{"rendered":"<p>Cliquez sur l&#8217;image pour regarder la galerie des d\u00e9tails de cette fourmi. Ces fourmis l\u00e9gionnaires vivent en Am\u00e9rique du Sud. Les colonies sont gigantesques, atteignant 700 000 ouvri\u00e8res, bien qu\u2019il n\u2019y ait qu\u2019une seule reine. Eciton n\u2019a pas de nid : pendant la phase nomade, la reine et les milliers de larves sont transport\u00e9s chaque jour. Pendant les raids, des centaines de milliers d\u2019individus ravagent tout sur leur passage. Une caste sp\u00e9cialis\u00e9e de soldats prot\u00e8ge ces colonnes de chasse : les mandibules ont une forme particuli\u00e8re pour attaquer des vert\u00e9br\u00e9s comme l\u00e9zards ou grenouilles. Les yeux sont extr\u00eamement r\u00e9duits. R\u00e9dacteur [&hellip;]<\/p>\n","protected":false},"author":1,"featured_media":0,"parent":73,"menu_order":0,"comment_status":"closed","ping_status":"closed","template":"","meta":[],"_links":{"self":[{"href":"http:\/\/www.stephanequerbes.com\/fourmis\/wp-json\/wp\/v2\/pages\/202"}],"collection":[{"href":"http:\/\/www.stephanequerbes.com\/fourmis\/wp-json\/wp\/v2\/pages"}],"about":[{"href":"http:\/\/www.stephanequerbes.com\/fourmis\/wp-json\/wp\/v2\/types\/page"}],"author":[{"embeddable":true,"href":"http:\/\/www.stephanequerbes.com\/fourmis\/wp-json\/wp\/v2\/users\/1"}],"replies":[{"embeddable":true,"href":"http:\/\/www.stephanequerbes.com\/fourmis\/wp-json\/wp\/v2\/comments?post=202"}],"version-history":[{"count":8,"href":"http:\/\/www.stephanequerbes.com\/fourmis\/wp-json\/wp\/v2\/pages\/202\/revisions"}],"predecessor-version":[{"id":247,"href":"http:\/\/www.stephanequerbes.com\/fourmis\/wp-json\/wp\/v2\/pages\/202\/revisions\/247"}],"up":[{"embeddable":true,"href":"http:\/\/www.stephanequerbes.com\/fourmis\/wp-json\/wp\/v2\/pages\/73"}],"wp:attachment":[{"href":"http:\/\/www.stephanequerbes.com\/fourmis\/wp-json\/wp\/v2\/media?parent=202"}],"curies":[{"name":"wp","href":"https:\/\/api.w.org\/{rel}","templated":true}]}}